{"id":53,"date":"2020-03-28T14:16:24","date_gmt":"2020-03-28T14:16:24","guid":{"rendered":"http:\/\/oberhonnefeld-gierend.de\/?page_id=53"},"modified":"2025-07-06T16:53:12","modified_gmt":"2025-07-06T16:53:12","slug":"kuju-2","status":"publish","type":"page","link":"https:\/\/oberhonnefeld-gierend.de\/?page_id=53","title":{"rendered":"Kultur- und Jugendzentrum"},"content":{"rendered":"<p><img decoding=\"async\" width=\"960\" height=\"390\" src=\"https:\/\/oberhonnefeld-gierend.de\/wp-content\/uploads\/2020\/03\/Kopfbild7.jpg\" alt=\"\" loading=\"lazy\" srcset=\"https:\/\/oberhonnefeld-gierend.de\/wp-content\/uploads\/2020\/03\/Kopfbild7.jpg 960w, https:\/\/oberhonnefeld-gierend.de\/wp-content\/uploads\/2020\/03\/Kopfbild7-300x122.jpg 300w, https:\/\/oberhonnefeld-gierend.de\/wp-content\/uploads\/2020\/03\/Kopfbild7-768x312.jpg 768w\" sizes=\"auto, (max-width: 960px) 100vw, 960px\" \/>\t\t\t\t\t\t\t\t\t\t\t\t\t\t<\/p>\n<h2>Das Raumangebot des KuJu<\/h2>\n<p>\t\tMit seinem Raumangebot ist das KuJu gut ausger\u00fcstet\u00a0Die R\u00e4ume des Jugend- und Kulturzentrums bieten f\u00fcr jeden Anlass das entsprechende Angebot. Im Folgenden beschreiben wir die beiden R\u00e4ume, die angemietet werden k\u00f6nnen:\t\t<\/p>\n<h2>Belegungsplan<\/h2>\n<p>Auf der Buchungsseite k\u00f6nnen Sie die Belegung der R\u00e4ume \u00fcberpr\u00fcfen und eine Buchungsanfrage per Mail senden.<\/p>\n<p><a href=\"https:\/\/oberhonnefeld-gierend.de\/?page_id=157\">KuJu Buchungsseite<\/a><\/p>\n<h2>Der gro\u00dfe Saal im Erdgeschoss<\/h2>\n<p>\t\t\t\t\t\t\t\t\t\t\t\t<img decoding=\"async\" width=\"768\" height=\"373\" src=\"https:\/\/oberhonnefeld-gierend.de\/wp-content\/uploads\/2021\/03\/Weihnachtsmarkt-2018-768x373.jpg\" alt=\"\" loading=\"lazy\" srcset=\"https:\/\/oberhonnefeld-gierend.de\/wp-content\/uploads\/2021\/03\/Weihnachtsmarkt-2018-768x373.jpg 768w, https:\/\/oberhonnefeld-gierend.de\/wp-content\/uploads\/2021\/03\/Weihnachtsmarkt-2018-300x146.jpg 300w, https:\/\/oberhonnefeld-gierend.de\/wp-content\/uploads\/2021\/03\/Weihnachtsmarkt-2018-1024x498.jpg 1024w, https:\/\/oberhonnefeld-gierend.de\/wp-content\/uploads\/2021\/03\/Weihnachtsmarkt-2018-1536x747.jpg 1536w, https:\/\/oberhonnefeld-gierend.de\/wp-content\/uploads\/2021\/03\/Weihnachtsmarkt-2018-2048x996.jpg 2048w\" sizes=\"auto, (max-width: 768px) 100vw, 768px\" \/><br \/>\n\t\tDieser Raum bietet gen\u00fcgend Platz f\u00fcr gr\u00f6\u00dfere Veranstaltungen.\u00a0Die wichtigsten Raumdaten:<\/p>\n<ul>\n<li>Gesamtfl\u00e4che ca. 310qm. <\/li>\n<li>Der Boden ist mit Parket ausgelegt. <\/li>\n<li>L\u00fcftungs- \/ Heizungsanlage sind vorhanden. <\/li>\n<li>Es gibt eine Lichtanlage und Scheinwerfer. <\/li>\n<li>Beschallungsanlage \u00a0ist vorhanden. <\/li>\n<li>Theke befindet sich unterhalb des Kamerastandpunktes.<\/li>\n<\/ul>\n<h2>Der kleine Vereinsraum im 1. Obergeschoss<\/h2>\n<p>\t\t\t\t\t\t\t\t\t\t\t\t<img decoding=\"async\" width=\"299\" height=\"204\" src=\"https:\/\/oberhonnefeld-gierend.de\/wp-content\/uploads\/2021\/03\/KuJu-vereinsraum.jpg\" alt=\"\" loading=\"lazy\" \/>\t\t\t\t\t\t\t\t\t\t\t\t\t\t<\/p>\n<p>F\u00fcr kleinere Feiern oder Vereinstreffen befindet sich im ersten Stock der neue Vereinsraum. Hier befindet sich auch das neue B\u00fcro des B\u00fcrgermeisters.<\/p>\n<p>Leider ist dieser Raum nicht barrierefrei und nur \u00fcber eine Treppe zu erreichen.<\/p>\n<p>Die wichtigsten Raumdaten:<\/p>\n<p>Platz f\u00fcr max. 50 Personen, komplette Bistro-Bestuhlung, K\u00fcche und K\u00fchlschrank sind vorhanden.<\/p>\n<p><b>So finden Sie uns<\/b><\/p>\n<p>Sie finden das Kultur und Jugendzentrum unter der folgenden Adresse:Kultur und Jugendzentrum (KuJu)\u00dcber dem Stellweg 756587 Oberhonnefeld\u00a0Die nachfolgende interaktive GoogleMaps-Karte zeigt den genauen Standort des KuJus an. Mit Klick auf den entsprecehnden Link gelangen Sie auf die gro\u00dfe Kartenansicht, auf der Sie auch eine Online Routenplaung von Ihrem Standort aus durchf\u00fchren k\u00f6nnen.\u00a0\t\t<\/p>\n<h6>Kontakt: Oliver Weihrauch<\/h6>\n<h6>zur Zeit geschlossen<\/h6>\n<h3>56587 Oberhonnefeld, \u00dcber dem Stellweg 7<\/h3>\n<p>\t\t\t<iframe frameborder=\"0\" scrolling=\"no\" marginheight=\"0\" marginwidth=\"0\"\n\t\t\t\t\tsrc=\"https:\/\/maps.google.com\/maps?q=56587%20Oberhonnefeld%2C%20%C3%9Cber%20dem%20Stellweg%207&#038;t=m&#038;z=16&#038;output=embed&#038;iwloc=near\"\n\t\t\t\t\ttitle=\"56587 Oberhonnefeld, \u00dcber dem Stellweg 7\"\n\t\t\t\t\taria-label=\"56587 Oberhonnefeld, \u00dcber dem Stellweg 7\"\n\t\t\t><\/iframe><br \/>\n\t\t\t\t\t<a target=\"_blank\" rel=\"noopener\"><br \/>\n\t\t\t\t\t\tFacebook-f<br \/>\n\t\t\t\t\t\t\t\t\t\t\t<\/a><br \/>\n\t\t\t\t\t<a target=\"_blank\" rel=\"noopener\"><br \/>\n\t\t\t\t\t\tTwitter<br \/>\n\t\t\t\t\t\t\t\t\t\t\t<\/a><br \/>\n\t\t\t\t\t<a target=\"_blank\" rel=\"noopener\"><br \/>\n\t\t\t\t\t\tGoogle-plus-g<br \/>\n\t\t\t\t\t\t\t\t\t\t\t<\/a><br \/>\n\t\t\t\t\t<a target=\"_blank\" rel=\"noopener\"><br \/>\n\t\t\t\t\t\tInstagram<br \/>\n\t\t\t\t\t\t\t\t\t\t\t<\/a><br \/>\n\t\t\t\t\t<a target=\"_blank\" rel=\"noopener\"><br \/>\n\t\t\t\t\t\tYoutube<br \/>\n\t\t\t\t\t\t\t\t\t\t\t<\/a><br \/>\n\t\t\t\t\t<a target=\"_blank\" rel=\"noopener\"><br \/>\n\t\t\t\t\t\tPinterest<br \/>\n\t\t\t\t\t\t\t\t\t\t\t<\/a><\/p>\n","protected":false},"excerpt":{"rendered":"<p>Das Raumangebot des KuJu Mit seinem Raumangebot ist das KuJu gut ausger\u00fcstet\u00a0Die R\u00e4ume des Jugend- und Kulturzentrums bieten f\u00fcr jeden Anlass das entsprechende Angebot. Im Folgenden beschreiben wir die beiden R\u00e4ume, die angemietet werden k\u00f6nnen: Belegungsplan Auf der Buchungsseite k\u00f6nnen Sie die Belegung der R\u00e4ume \u00fcberpr\u00fcfen und eine Buchungsanfrage per Mail senden. KuJu Buchungsseite Der [&hellip;]<\/p>\n","protected":false},"author":1,"featured_media":0,"parent":0,"menu_order":0,"comment_status":"closed","ping_status":"closed","template":"","meta":{"footnotes":""},"class_list":["post-53","page","type-page","status-publish","hentry"],"_links":{"self":[{"href":"https:\/\/oberhonnefeld-gierend.de\/index.php?rest_route=\/wp\/v2\/pages\/53","targetHints":{"allow":["GET"]}}],"collection":[{"href":"https:\/\/oberhonnefeld-gierend.de\/index.php?rest_route=\/wp\/v2\/pages"}],"about":[{"href":"https:\/\/oberhonnefeld-gierend.de\/index.php?rest_route=\/wp\/v2\/types\/page"}],"author":[{"embeddable":true,"href":"https:\/\/oberhonnefeld-gierend.de\/index.php?rest_route=\/wp\/v2\/users\/1"}],"replies":[{"embeddable":true,"href":"https:\/\/oberhonnefeld-gierend.de\/index.php?rest_route=%2Fwp%2Fv2%2Fcomments&post=53"}],"version-history":[{"count":48,"href":"https:\/\/oberhonnefeld-gierend.de\/index.php?rest_route=\/wp\/v2\/pages\/53\/revisions"}],"predecessor-version":[{"id":264,"href":"https:\/\/oberhonnefeld-gierend.de\/index.php?rest_route=\/wp\/v2\/pages\/53\/revisions\/264"}],"wp:attachment":[{"href":"https:\/\/oberhonnefeld-gierend.de\/index.php?rest_route=%2Fwp%2Fv2%2Fmedia&parent=53"}],"curies":[{"name":"wp","href":"https:\/\/api.w.org\/{rel}","templated":true}]}}